{"id":1263,"date":"2025-05-12T20:31:24","date_gmt":"2025-05-12T17:31:24","guid":{"rendered":"https:\/\/kizilagacmahalleleridernegi.com\/?page_id=1263"},"modified":"2025-05-13T19:21:25","modified_gmt":"2025-05-13T16:21:25","slug":"cografyamiz","status":"publish","type":"page","link":"https:\/\/www.kizilagacmahalleleridernegi.com\/index.php\/cografyamiz\/","title":{"rendered":"CO\u011eRAFYAMIZ"},"content":{"rendered":"<div style=\"width: 848px;\" class=\"wp-video\"><video class=\"wp-video-shortcode\" id=\"video-1263-1\" width=\"848\" height=\"478\" preload=\"metadata\" controls=\"controls\"><source type=\"video\/mp4\" src=\"https:\/\/kizilagacmahalleleridernegi.com\/wp-content\/uploads\/2025\/05\/WhatsApp-Video-2025-05-13-saat-18.50.46_5e6b6b7f.mp4?_=1\" \/><a href=\"https:\/\/kizilagacmahalleleridernegi.com\/wp-content\/uploads\/2025\/05\/WhatsApp-Video-2025-05-13-saat-18.50.46_5e6b6b7f.mp4\">https:\/\/kizilagacmahalleleridernegi.com\/wp-content\/uploads\/2025\/05\/WhatsApp-Video-2025-05-13-saat-18.50.46_5e6b6b7f.mp4<\/a><\/video><\/div>\n<p align=\"left\">\n<p class=\"stil4\" align=\"left\"><b>A\u011eA\u00c7LI MAHALLES\u0130<\/b><\/p>\n<p>\u00a0 \u00a0 \u00a0 \u00a0 A\u011fa\u00e7l\u0131 K\u00f6y\u00fc il\u00e7e merkezinin g\u00fcneyinde 6-7 km uzakl\u0131kta kuzeyinde Takatli ve Bay\u0131rk\u00f6y K\u00f6yleri, g\u00fcneyinde Yumru tepesi, Bozlu ve yeni ayr\u0131lan \u00c7atlakl\u0131 K\u00f6y\u00fc, bat\u0131s\u0131nda Ye\u015filk\u00f6y Beldesi ve A\u011fasar deresi, do\u011fusunda G\u00fcrgenli K\u00f6y\u00fc ve Kurba\u011fal\u0131 Dere ile \u00e7evrilmi\u015ftir. A\u011fa\u00e7l\u0131 K\u00f6y\u00fc tarih\u00e7esine bati\u011fimiz zaman 350-400 y\u0131l \u00f6ncelere kadar g\u00fcneyden gelip yerle\u015ftikleri a\u00e7\u0131klanmaktad\u0131r.<\/p>\n<p>A\u011fa\u00e7l\u0131 K\u00f6y\u00fc Be\u015fikd\u00fcz\u00fc&#8217; n\u00fcn en geni\u015f alana sahip k\u00f6ylerinden biridir. K\u00f6y\u00fcn ortalama y\u00fcksekli\u011fi 250-600 metre aras\u0131ndad\u0131r. K\u00f6y\u00fcn; Kiran, Navron, Viran, Virandoz, Yumru, Zihnio\u011fullar\u0131 ve Mera mahalleleri vard\u0131r. 2000 y\u0131l\u0131n\u0131n ba\u015f\u0131nda \u00c7\u0131tlakl\u0131 mahallesi ayr\u0131l\u0131p yeni bir K\u00f6y olmu\u015ftur. A\u011fa\u00e7l\u0131 do\u011fuda Kurba\u011fal\u0131 Dere, bat\u0131da A\u011fasar Deresi vadilerine a\u00e7\u0131l\u0131r. K\u00f6y halk\u0131n\u0131n \u00e7o\u011funlu\u011fu il\u00e7e merkezinde memur ve gurbet\u00e7i emeklisi olarak ya\u015far. K\u0131\u015f aylar\u0131nda k\u00f6y n\u00fcfusu 400-500 e kadar d\u00fc\u015fer, yaz\u0131n ise bu n\u00fcfus 2-3 kat\u0131na ula\u015f\u0131r.<\/p>\n<p>Kurulu\u015fundan zaman\u0131m\u0131za kadar A\u011fa\u00e7l\u0131 K\u00f6y\u00fcnde muhtarl\u0131k yapanlar:<\/p>\n<p class=\"stil4\" align=\"justify\">1) Kara Ahmet O\u011flu Molla Ahmet<\/p>\n<p class=\"stil4\" align=\"justify\">2) \u00d6mer ZIHNI<\/p>\n<p class=\"stil4\" align=\"justify\">3) Aziz BURHAN<\/p>\n<p class=\"stil4\" align=\"justify\">4) Osman G\u00dcNAY<\/p>\n<p class=\"stil4\" align=\"justify\">5) Ahmet OGUZHAN<\/p>\n<p class=\"stil4\" align=\"justify\">6) Mehmet ZIHNI<\/p>\n<p class=\"stil4\" align=\"justify\">7) Mecit FAIZ<\/p>\n<p class=\"stil4\" align=\"justify\">8) Fahit UZUN<\/p>\n<p class=\"stil4\" align=\"justify\">9) Zeki G\u00dcNAY<\/p>\n<p class=\"stil4\" align=\"justify\">10) H\u00fcseyin G\u00dcNAY<\/p>\n<p class=\"stil4\" align=\"justify\">11) Osman \u00c7ITLAK<\/p>\n<p>\u00a0 \u00a0 \u00a0 \u00a0 \u00a0 \u00a0 \u00a0 \u00a0 \u00a0K\u00f6ye il\u00e7e merkezinde \u00fc\u00e7 ayr\u0131 yolla ula\u015f\u0131labilmektedir. K\u00f6y ekonomisi tar\u0131m ve hayvanc\u0131l\u0131\u011fa dayan\u0131r. Son y\u0131llarda hayvanc\u0131l\u0131k eski durumundan \u00e7ok uzakt\u0131r. Tar\u0131msal faaliyet olarak fendik, m\u0131s\u0131r, \u00e7ay, fasulye, patates, sebze ve meyve \u00fcreticili\u011fi yap\u0131l\u0131r. K\u00f6yde yaylac\u0131l\u0131k bastan sonra bir yasam bi\u00e7imidir. K\u0131z\u0131la\u011fa\u00e7 yaylas\u0131; K\u0131z\u0131la\u011fa\u00e7 k\u00f6ylerinin ortak yaylas\u0131 olarak kullan\u0131lmaktad\u0131r. Bu yayla Torul ve Tonya il\u00e7eleri s\u0131n\u0131rlar\u0131 i\u00e7erisinde bulunmaktad\u0131r. G\u00fcn\u00fcm\u00fczde yaylac\u0131l\u0131k gezmek ve dinlenmek amac\u0131 ile yap\u0131lmaktad\u0131r.<\/p>\n<p><strong>E\u011e\u0130T\u0130M DURUMU<\/strong><\/p>\n<p class=\"stil4\" align=\"justify\">\u00a0\u00a0\u00a0\u00a0\u00a0\u00a0\u00a0\u00a0\u00a0 K\u00f6y halk\u0131 e\u011fitime son derece \u00f6nem vermektedir. Cumhuriyetten \u00f6nce K\u0131z\u0131la\u011fa\u00e7 K\u00f6yleri ile ortak medrese vard\u0131. \u0130lkokul olarak Cumhuriyetten sonra Bozlu K\u00f6y\u00fc&#8217; nde ki okuldan yararlan\u0131lm\u0131\u015ft\u0131r. 1940&#8242; l\u0131 y\u0131llarda Merkez Camii Yan\u0131nda ge\u00e7ici binada ilkokul e\u011fitim-\u00f6\u011fretime ba\u015flam\u0131\u015ft\u0131r.Devlet vatanda\u015f i\u015fbirli\u011fiyle yap\u0131lan okul 1946 y\u0131l\u0131nda \u00f6\u011fretime ba\u015flam\u0131\u015ft\u0131r.1989 y\u0131l\u0131nda 2.yeni bir okul yap\u0131larak hizmete girmi\u015f, 20002li y\u0131llar\u0131n ba\u015f\u0131nda da ta\u015f\u0131mal\u0131 sisteme ge\u00e7ilmi\u015ftir.<\/p>\n<p class=\"stil4\" align=\"justify\"><strong>OKULUMUZDA Y\u00d6NET\u0130C\u0130L\u0130K YAPANLAR<\/strong><\/p>\n<p class=\"stil4\" align=\"justify\"><strong>1)Mustafa \u015eAH\u0130N(E\u011fitmen)<\/strong><\/p>\n<p class=\"stil4\" align=\"justify\"><strong>2)Sait FA\u0130Z<\/strong><\/p>\n<p class=\"stil4\" align=\"justify\"><strong>3)G\u00fczide TURAN<\/strong><\/p>\n<p class=\"stil4\" align=\"justify\"><strong>4)\u015euayip Z\u0130HN\u0130 (E\u011fitmen)<\/strong><\/p>\n<p class=\"stil4\" align=\"justify\"><strong>5)Hasan BAYKAN<\/strong><\/p>\n<p class=\"stil4\" align=\"justify\"><strong>6)\u0130smail BAYKAN<\/strong><\/p>\n<p class=\"stil4\" align=\"justify\"><strong>7)Hamdi BOZBA\u015e<\/strong><\/p>\n<p class=\"stil4\" align=\"justify\"><strong>8)Ali R\u0131za \u015eEN<\/strong><\/p>\n<p class=\"stil4\" align=\"justify\"><strong>9)Mehmet \u015eAH\u0130N<\/strong><\/p>\n<p class=\"stil4\" align=\"justify\"><strong>10)H\u00fcseyin KAYI\u015e<\/strong><\/p>\n<p class=\"stil4\" align=\"justify\"><strong>11)Fikri FA\u0130Z<\/strong><\/p>\n<p class=\"stil4\" align=\"justify\"><strong>12)G\u00fcller \u015eEREF<\/strong><\/p>\n<p class=\"stil4\" align=\"justify\"><strong>13)Selim BEKTA\u015e<\/strong><\/p>\n<p class=\"stil4\" align=\"justify\"><strong>14)Osman KALYON<\/strong><\/p>\n<p class=\"stil4\" align=\"justify\">K\u00f6y halk\u0131 e\u011fitim ve \u00f6\u011fretime Cumhuriyet&#8217; le birlikte \u00f6nem vermi\u015f son y\u0131llarda okur yazar oran\u0131 yakla\u015f\u0131k olarak %100 e ula\u015fm\u0131\u015ft\u0131r. Bug\u00fcn e\u011fitim ve \u00f6\u011fretime \u00f6nem veren k\u00f6y halk\u0131ndan her alanda ve kademede pek \u00e7ok insan yeti\u015fmi\u015f ve g\u00f6rev alm\u0131\u015ft\u0131r. E\u011fitimin y\u00fcksek olu\u015fumdaki nedeni il\u00e7e merkezinde kurulan K\u00f6y Enstit\u00fcs\u00fc&#8217;ne ba\u015flamak m\u00fcmk\u00fcnd\u00fcr. K\u00f6y Enstit\u00fcs\u00fc mezunu \u00f6\u011fretmen Sait FA\u0130Z ile ba\u015flarsak; 15 civar\u0131nda mimar-m\u00fchendis, 20 civar\u0131nda subay-astsubay, 10 un \u00fczerinde hukuk\u00e7u, 10 un \u00fczerinde doktor, 8 tane \u00f6\u011fretim g\u00f6revlisi, 100 \u00fcn \u00fczerinde \u00e7e\u015fitli kademelerde \u00f6\u011fretmen, yurt d\u0131\u015f\u0131nda doktora yapm\u0131\u015f ressam Prof.Dr. Veysel G\u00dcNAY, Yurt d\u0131\u015f\u0131nda Hukuk doktoras\u0131 yapm\u0131\u015f Teoman O\u011eUZHAN gibi yeti\u015fmi\u015f beyin g\u00fcc\u00fcm\u00fcz gurur kayna\u011f\u0131m\u0131zd\u0131r.<\/p>\n<p class=\"stil4\" align=\"left\">\u00a0\u00a0\u00a0\u00a0\u00a0\u00a0\u00a0\u00a0\u00a0\u00a0\u00a0\u00a0\u00a0\u00a0\u00a0\u00a0\u00a0\u00a0\u00a0\u00a0\u00a0\u00a0\u00a0\u00a0\u00a0\u00a0\u00a0\u00a0\u00a0\u00a0\u00a0\u00a0\u00a0\u00a0\u00a0\u00a0\u00a0\u00a0\u00a0\u00a0\u00a0\u00a0\u00a0\u00a0\u00a0\u00a0\u00a0\u00a0\u00a0\u00a0\u00a0\u00a0\u00a0\u00a0\u00a0\u00a0\u00a0\u00a0\u00a0\u00a0\u00a0\u00a0\u00a0\u00a0\u00a0\u00a0\u00a0\u00a0\u00a0\u00a0\u00a0\u00a0\u00a0\u00a0\u00a0\u00a0\u00a0\u00a0\u00a0\u00a0\u00a0\u00a0\u00a0\u00a0\u00a0\u00a0\u00a0\u00a0\u00a0\u00a0\u00a0\u00a0\u00a0\u00a0\u00a0\u00a0\u00a0\u00a0\u00a0\u00a0\u00a0\u00a0\u00a0\u00a0\u00a0\u00a0\u00a0\u00a0\u00a0\u00a0\u00a0\u00a0\u00a0\u00a0\u00a0\u00a0\u00a0\u00a0\u00a0\u00a0\u00a0 Kaynak:\u00a0<strong>Abdullah KALYONCU<\/strong><\/p>\n<p class=\"stil4\" align=\"left\">\u00a0\u00a0\u00a0\u00a0\u00a0\u00a0\u00a0\u00a0\u00a0\u00a0\u00a0\u00a0\u00a0\u00a0\u00a0\u00a0\u00a0\u00a0\u00a0\u00a0\u00a0\u00a0\u00a0\u00a0\u00a0\u00a0\u00a0\u00a0\u00a0\u00a0\u00a0\u00a0\u00a0\u00a0\u00a0\u00a0\u00a0\u00a0\u00a0\u00a0\u00a0\u00a0\u00a0\u00a0\u00a0\u00a0\u00a0\u00a0\u00a0\u00a0\u00a0\u00a0\u00a0\u00a0\u00a0\u00a0\u00a0\u00a0\u00a0\u00a0\u00a0\u00a0\u00a0\u00a0\u00a0\u00a0\u00a0\u00a0\u00a0\u00a0\u00a0\u00a0\u00a0\u00a0\u00a0\u00a0\u00a0\u00a0\u00a0\u00a0\u00a0\u00a0\u00a0\u00a0\u00a0\u00a0\u00a0\u00a0\u00a0\u00a0\u00a0\u00a0\u00a0\u00a0\u00a0\u00a0\u00a0\u00a0\u00a0\u00a0\u00a0\u00a0\u00a0\u00a0\u00a0\u00a0\u00a0\u00a0\u00a0\u00a0\u00a0\u00a0\u00a0\u00a0\u00a0\u00a0\u00a0\u00a0\u00a0\u00a0\u00a0\u00a0\u00a0\u00a0\u00a0\u00a0\u00a0\u00a0\u00a0\u00a0\u00a0\u00a0\u00a0\u00a0\u00a0\u00a0\u00a0\u00a0\u00a0\u00a0\u00a0\u00a0 Emekli \u00d6\u011fretmen<\/p>\n<p class=\"stil4\" align=\"left\"><strong><span class=\"stil4\">BOZLU MAHALLES\u0130<\/span><\/strong><\/p>\n<p class=\"stil4\" align=\"justify\">\u00a0\u00a0\u00a0\u00a0\u00a0\u00a0\u00a0 Bozlu K\u00f6y\u00fc, K\u0131z\u0131la\u011fa\u00e7 adl\u0131 3 muhtarl\u0131ktan biridir. 1835 y\u0131llar\u0131nda K\u0131z\u0131la\u011fa\u00e7 ad\u0131 ile adland\u0131r\u0131lan yerle\u015fim yeri &#8220;Elmal\u0131&#8221; denilen bug\u00fcnk\u00fc Sad\u0131ko\u011flu mezarl\u0131\u011f\u0131n\u0131n bulundu\u011fu yerde yap\u0131lan camidir.<\/p>\n<p class=\"stil4\" align=\"justify\">\u00a0\u00a0\u00a0\u00a0\u00a0\u00a0\u00a0 Bozlu K\u00f6y\u00fc Be\u015fikd\u00fcz\u00fc il\u00e7esine 7km mesafede denizden 300-500 m y\u00fckseklikte arkas\u0131n\u0131 Yumru da\u011f\u0131na yaslam\u0131\u015f bir yerle\u015fim yeridir. Kuzeyi G\u00fcrgenli K\u00f6y\u00fc, g\u00fcneyi \u00c7arlakl\u0131 K\u00f6y\u00fc, bat\u0131s\u0131 A\u011fa\u00e7l\u0131 K\u00f6y\u00fc, do\u011fusu Da\u011fl\u0131ca K\u00f6y\u00fc ile \u00e7evrilidir. G\u00fcneyden gelip k\u00f6ye yerle\u015fen ilk kabileler; Zozo\u011fullar\u0131, Bozo\u011fullar\u0131, Hac\u0131ahmeto\u011fullar\u0131, Fi\u015fo\u011fullar\u0131, \u015eanlato\u011fullar\u0131, Hasanreiso\u011fullar\u0131, Mehmeto\u011fullar\u0131, Merdano\u011fullar\u0131, Balo\u011fullar\u0131, \u00c7arl\u0131o\u011fullar\u0131, olarak bug\u00fcne kadar gelmektedir.<\/p>\n<p class=\"stil4\" align=\"justify\">\u00a0\u00a0\u00a0\u00a0\u00a0\u00a0\u00a0\u00a0\u00a0 K\u00f6y\u00fcn iki mahallesi vard\u0131r. Merkez mahallesi (Bozlu), Yeni mahalle (\u00c7\u00f6rgel) bozlu k\u00f6y\u00fcnde okul 1935 y\u0131l\u0131nda imece usul\u00fc ile yap\u0131lm\u0131\u015ft\u0131r. y\u0131llarca bu okul b\u00f6lge okulu olarak A\u011fa\u00e7l\u0131, G\u00fcrgenli, Da\u011fl\u0131ca, H\u00fcnerli, Zemberek, Ye\u015filk\u00f6y gibi \u00e7evre k\u00f6ylerine uzun y\u0131llar hizmet etmi\u015ftir. Burada bu zaman dilimi i\u00e7erisinde bu okulda \u00f6\u011fretmenlik yapan Kas\u0131m KIRO\u011eLU (Kas\u0131m Hoca) nu rahmet ve minnetle anmadan ge\u00e7emeyiz. K\u00f6y halk\u0131n\u0131n \u00e7o\u011funlu\u011fu il\u00e7e merkezinde memur &#8211; esnaf\u00a0 ve gurbet\u00e7i olarak ya\u015famlar\u0131n\u0131 s\u00fcrd\u00fcrmektedir. K\u0131\u015f\u0131n il\u00e7e merkezine inilir. Yaz\u0131n k\u00f6ye \u00e7\u0131k\u0131l\u0131r. K\u00f6y\u00fcn n\u00fcfusu k\u0131\u015fa g\u00f6re yaz\u0131n 2-3 kat artmaktad\u0131r. K\u00f6yde bug\u00fcne kadar muhtarl\u0131k yapan \u015fah\u0131slar:<\/p>\n<p class=\"stil4\" align=\"left\"><strong>1) \u015euayip AKSU<\/strong><\/p>\n<p class=\"stil4\" align=\"left\"><strong>2) \u0130zzet AKSOY<\/strong><\/p>\n<p class=\"stil4\" align=\"left\"><strong>3) Rasim ERDEM<\/strong><\/p>\n<p class=\"stil4\" align=\"left\"><strong>4) Yahya TURAN<\/strong><\/p>\n<p class=\"stil4\" align=\"left\"><strong>5) Bekir AKSOY<\/strong><\/p>\n<p class=\"stil4\" align=\"left\"><strong>6) Bekir BOZBA\u015e<\/strong><\/p>\n<p class=\"stil4\" align=\"left\"><strong>7) Halil TURAN<\/strong><\/p>\n<p class=\"stil4\" align=\"left\"><strong>8) Kaz\u0131m BOZBA\u015e<\/strong><\/p>\n<p class=\"stil4\" align=\"left\"><strong>9) Sabri AKSU<\/strong><\/p>\n<p class=\"stil4\" align=\"left\"><strong>10) Recep ERDEM<\/strong><\/p>\n<p class=\"stil4\" align=\"left\"><strong>11) Kemal TURAN<br \/>\n<\/strong><\/p>\n<p class=\"stil4\" align=\"left\"><strong><br \/>\n<\/strong><strong><span class=\"stil4\">BOZLU MAHALLES\u0130<\/span><\/strong><\/p>\n<p class=\"stil4\" align=\"justify\">\u00a0\u00a0\u00a0\u00a0\u00a0\u00a0\u00a0 Bozlu K\u00f6y\u00fcne il\u00e7e merkezinden \u00fc\u00e7 ayr\u0131 yolla ula\u015f\u0131lmaktad\u0131r. K\u00f6y\u00fcn ekonomisi tar\u0131m ve hayvanc\u0131l\u0131\u011fa dayan\u0131r. Hayvanc\u0131l\u0131k eskisi gibi faal de\u011fildir. Tar\u0131msal olarak halk\u0131n ge\u00e7im kaynaklar\u0131; ba\u015fta f\u0131nd\u0131k, m\u0131s\u0131r, patates, fas\u00fclye, sebze ve meyve \u00fcreticili\u011fidir.<\/p>\n<p class=\"stil4\" align=\"justify\">\u00a0\u00a0\u00a0\u00a0\u00a0 K\u00f6yde yaylac\u0131l\u0131k eskiden beri vard\u0131r. K\u0131z\u0131la\u011fa\u00e7 yaylas\u0131, K\u0131z\u0131la\u011fa\u00e7 K\u00f6ylerinin ortak yaylas\u0131 olarak kullan\u0131lmaktad\u0131r. Bu yayla Torul ve Tonya s\u0131n\u0131rlar\u0131 i\u00e7erisinde kullan\u0131lmaktad\u0131r. K\u0131z\u0131la\u011fa\u00e7 Yaylas\u0131n\u0131n Trabzon hudutlar\u0131 i\u00e7erisinde bir b\u00f6l\u00fcm\u00fc vard\u0131r ki suyu, odunu, orman\u0131, otu ile kad\u0131rga yaylalar\u0131 i\u00e7erisinde en g\u00f6zde bir yerdir. Sular\u0131 serin olan bu m\u0131nt\u0131kan\u0131n ad\u0131 Halisdere&#8217;dir.<\/p>\n<p class=\"stil4\" align=\"justify\">\u00a0\u00a0\u00a0\u00a0\u00a0\u00a0\u00a0\u00a0\u00a0 Bozlu K\u00f6y\u00fc halk\u0131 Cumhuriyetle birlikte e\u011fitim ve \u00f6\u011fretime gereken \u00f6nemi vermi\u015ftir. K\u0131z-erkek ayr\u0131m\u0131 yapmadan e\u011fitime devam neticesinde devletin her kademesinde g\u00f6rev alm\u0131\u015f insan g\u00fcc\u00fcm\u00fcz mevcuttur. K\u00f6y halk\u0131n\u0131n bu duruma gelmesinde Kas\u0131m KIRO\u011eLU (Kas\u0131m Hoca) &#8216;nun, G\u00fczide TURAN, Hamdi BOZBA\u015e, Hasan DEM\u0130RBA\u015e, Ya\u015far CANDA\u015e, As\u0131m I\u015eIK, Mehmet TURAN ve devam eden e\u011fitim elemanlar\u0131n\u0131n emekleri neticesinde: 15 in \u00fczerinde mimar m\u00fchendis, 7 subay-astsubay, 4 hukukcu,100 \u00fcn \u00fczerinde \u00e7e\u015fitli kademelerde \u00f6\u011fretmen, 4 t\u0131p doktoru, 1 Prof. Hilmi ZENG\u0130N, televizyon program yap\u0131mc\u0131s\u0131 Adem KILI\u00c7 gibi \u00e7e\u015fitli kademelerdeki elemanlar\u0131m\u0131z\u0131 sayabiliriz.<\/p>\n<p class=\"stil4\" align=\"justify\">\u00a0\u00a0\u00a0\u00a0\u00a0\u00a0\u00a0\u00a0\u00a0 Bozlu K\u00f6y\u00fc halk\u0131 e\u011fitime gerekli \u00f6nemi vermektedir. Okuma yazma oran\u0131 hemen hemen %100 e yak\u0131nd\u0131r. Bozlu K\u00f6y\u00fcnde \u00e7evre k\u00f6yler y\u0131llarca e\u011fitim-\u00f6\u011fretimlerini s\u00fcrd\u00fcrm\u00fc\u015ft\u00fcr.<\/p>\n<p class=\"stil4\" align=\"justify\"><strong>BOZLU \u0130LKOKULUNDA Y\u00d6NET\u0130C\u0130L\u0130K YAPANLAR<\/strong><\/p>\n<p class=\"stil4\" align=\"justify\"><strong>1) Kas\u0131m KIRO\u011eLU (Kas\u0131m Hoca)<\/strong><\/p>\n<p class=\"stil4\" align=\"justify\"><strong>2) Hamdi BOZBA\u015e<\/strong><\/p>\n<p class=\"stil4\" align=\"justify\"><strong>3) As\u0131m I\u015eIK<\/strong><\/p>\n<p class=\"stil4\" align=\"justify\"><strong>4) Hasan DEM\u0130RBA\u015e<\/strong><\/p>\n<p class=\"stil4\" align=\"justify\"><strong>5) Mehmet TURAN<\/strong><\/p>\n<p class=\"stil4\" align=\"justify\"><strong>6) Emrullah Fuat G\u00d6ZA\u00c7AN<\/strong><\/p>\n<p class=\"stil4\" align=\"justify\"><strong>7) Hamit \u00c7OLAK<\/strong><\/p>\n<p class=\"stil4\" align=\"justify\"><strong>8) Seyithan ZAMAN<\/strong><\/p>\n<p class=\"stil4\" align=\"justify\"><strong>BOZLU YEN\u0130 MAHALLE \u0130LKOKULUNDA Y\u00d6NET\u0130C\u0130L\u0130K YAPANLAR<\/strong><\/p>\n<p class=\"stil4\" align=\"justify\"><strong>1) Ali \u0130hsan ALEM\u0130SO\u011eLU<\/strong><\/p>\n<p class=\"stil4\" align=\"justify\"><strong>2) Hasan TANRIVERD\u0130<\/strong><\/p>\n<p class=\"stil4\" align=\"justify\"><strong>3) \u015eevket \u015eANLI<\/strong><\/p>\n<p class=\"stil4\" align=\"justify\"><strong>4) Hasan KALYONCU<\/strong><\/p>\n<p class=\"stil4\" align=\"justify\"><strong>5) S\u00fclayman KILI\u00c7<\/strong><\/p>\n<p class=\"stil4\" align=\"justify\"><strong>6) Nurettin CANBOLAT<\/strong><\/p>\n<p class=\"stil4\" align=\"justify\">\u00a0\u00a0\u00a0\u00a0\u00a0\u00a0\u00a0\u00a0\u00a0\u00a0\u00a0\u00a0\u00a0\u00a0\u00a0\u00a0\u00a0\u00a0\u00a0\u00a0\u00a0\u00a0\u00a0\u00a0\u00a0\u00a0\u00a0\u00a0\u00a0\u00a0\u00a0\u00a0\u00a0\u00a0\u00a0\u00a0\u00a0\u00a0\u00a0\u00a0\u00a0\u00a0\u00a0\u00a0\u00a0\u00a0\u00a0\u00a0\u00a0\u00a0\u00a0\u00a0\u00a0\u00a0\u00a0\u00a0\u00a0\u00a0\u00a0\u00a0\u00a0\u00a0\u00a0\u00a0\u00a0\u00a0\u00a0\u00a0\u00a0\u00a0\u00a0\u00a0\u00a0\u00a0\u00a0\u00a0\u00a0\u00a0\u00a0\u00a0\u00a0\u00a0\u00a0\u00a0\u00a0\u00a0\u00a0\u00a0\u00a0\u00a0\u00a0\u00a0\u00a0\u00a0\u00a0\u00a0\u00a0\u00a0\u00a0\u00a0\u00a0\u00a0\u00a0\u00a0\u00a0\u00a0\u00a0\u00a0\u00a0\u00a0\u00a0\u00a0\u00a0\u00a0\u00a0\u00a0\u00a0\u00a0\u00a0\u00a0\u00a0\u00a0\u00a0\u00a0\u00a0\u00a0\u00a0\u00a0\u00a0 Kaynak:\u00a0\u00a0<strong>\u00a0Mehmet TURAN<\/strong><\/p>\n<p class=\"stil4\" align=\"justify\">\u00a0\u00a0\u00a0\u00a0\u00a0\u00a0\u00a0\u00a0\u00a0\u00a0\u00a0\u00a0\u00a0\u00a0\u00a0\u00a0\u00a0\u00a0\u00a0\u00a0\u00a0\u00a0\u00a0\u00a0\u00a0\u00a0\u00a0\u00a0\u00a0\u00a0\u00a0\u00a0\u00a0\u00a0\u00a0\u00a0\u00a0\u00a0\u00a0\u00a0\u00a0\u00a0\u00a0\u00a0\u00a0\u00a0\u00a0\u00a0\u00a0\u00a0\u00a0\u00a0\u00a0\u00a0\u00a0\u00a0\u00a0\u00a0\u00a0\u00a0\u00a0\u00a0\u00a0\u00a0\u00a0\u00a0\u00a0\u00a0\u00a0\u00a0\u00a0\u00a0\u00a0\u00a0\u00a0\u00a0\u00a0\u00a0\u00a0\u00a0\u00a0\u00a0\u00a0\u00a0\u00a0\u00a0\u00a0\u00a0\u00a0\u00a0\u00a0\u00a0\u00a0\u00a0\u00a0\u00a0\u00a0\u00a0\u00a0\u00a0\u00a0\u00a0\u00a0\u00a0\u00a0\u00a0\u00a0\u00a0\u00a0\u00a0\u00a0\u00a0\u00a0\u00a0\u00a0\u00a0\u00a0\u00a0\u00a0\u00a0\u00a0\u00a0\u00a0\u00a0\u00a0\u00a0\u00a0\u00a0\u00a0\u00a0\u00a0\u00a0\u00a0\u00a0\u00a0\u00a0\u00a0\u00a0\u00a0\u00a0\u00a0\u00a0 Emekli \u00d6\u011fretmen<\/p>\n<p class=\"stil4\" align=\"justify\"><strong>G\u00dcRGENL\u0130 MAHALLES\u0130<\/strong><\/p>\n<p class=\"stil4\" align=\"justify\">\u00a0\u00a0\u00a0 G\u00fcrgenli K\u00f6y\u00fcn\u00fcn eski bir yerle\u015fim yeri oldu\u011fu Osmanl\u0131 Tapu ve G\u00fclbahar Hatun Vakf\u0131yesinin incelenmesinde g\u00f6r\u00fclmektedir.<\/p>\n<p class=\"stil4\" align=\"justify\">\u00a0\u00a0\u00a0\u00a0 T\u00fcrkmenlerin hayvanc\u0131l\u0131kla u\u011fra\u015fmalar\u0131, bu b\u00f6lgenin de hayvanc\u0131l\u0131\u011fa elveri\u015fli olmas\u0131 Osmanl\u0131 \u00f6\u015f\u00fcr defteri kay\u0131tlar\u0131nda g\u00f6r\u00fclen baz\u0131 s\u00fclalelerin G\u00fcrgenli K\u00f6y\u00fcnde olduklar\u0131 g\u00f6r\u00fcnt\u00fclenmektedir. Bu s\u00fclaleler sad\u0131ko\u011fullar\u0131, Kurdo\u011fullar\u0131, \u00c7al\u0131ko\u011fullar\u0131, Hovaro\u011fullar\u0131 s\u00fclaleleridir. Bunlar\u0131n d\u0131\u015f\u0131nda G\u00fcrgenli K\u00f6y\u00fcnde Keraso\u011fullar\u0131, Kerimo\u011fullar\u0131 s\u00fclaleleri de bulunmaktad\u0131r. G\u00fcrgenli K\u00f6y\u00fcn\u00fcn Kuzeyinde A\u011fa\u00e7l\u0131 g\u00fcneyinde Bozlu, Yeni mahalle; do\u011fusunda Zemberek; bat\u0131s\u0131nda A\u011fa\u00e7l\u0131-Bozlu ile \u00e7evrilidir. K\u00f6y\u00fcn ete\u011finden Kurba\u011fal\u0131 Dere ge\u00e7mektedir.<\/p>\n<p class=\"stil4\" align=\"justify\">K\u00d6YDE MUHTARLIK YAPANLAR<\/p>\n<p class=\"stil4\" align=\"justify\">1) Pa\u015fan\u0131n Ali<\/p>\n<p class=\"stil4\" align=\"justify\">2) Ali ULUD\u00dcZ<\/p>\n<p class=\"stil4\" align=\"justify\">3) S\u00fcleyman ULUD\u00dcZ<\/p>\n<p class=\"stil4\" align=\"justify\">4) Ali ESMER<\/p>\n<p class=\"stil4\" align=\"justify\">5) S\u00fcleyman DEM\u0130RBA\u015e<\/p>\n<p class=\"stil4\" align=\"justify\">6) \u00d6mer KURT<\/p>\n<p class=\"stil4\" align=\"justify\">7) Tahsin DEM\u0130RBA\u015e<\/p>\n<p class=\"stil4\" align=\"justify\">8) H\u00fcseyin AKKOYUN<\/p>\n<p class=\"stil4\" align=\"justify\">9) Bekir ULUD\u00dcZ<\/p>\n<p class=\"stil4\" align=\"justify\">10) \u0130lyas ULUD\u00dcZ<\/p>\n<p class=\"stil4\" align=\"justify\">11) Hasan DEM\u0130RBA\u015e<\/p>\n<p class=\"stil4\" align=\"justify\">12) Z\u00fclfikar Ali ULUD\u00dcZ<\/p>\n<p class=\"stil4\" align=\"justify\">\u00a0\u00a0\u00a0\u00a0\u00a0 1935 y\u0131l\u0131nda K\u0131z\u0131la\u011fa\u00e7 K\u00f6y\u00fc \u00fc\u00e7 e ayr\u0131l\u0131yor. O d\u00f6nemde 28 hane olan G\u00fcrgenli K\u00f6y\u00fc bug\u00fcn 75 hanedir. N\u00fcfus k\u00fct\u00fc\u011f\u00fcne kay\u0131tl\u0131 n\u00fcfus 700 civar\u0131d\u0131r. Di\u011fer k\u00f6ylerde oldu\u011fu gibi k\u00f6y\u00fcn n\u00fcfus yo\u011funlu\u011fu k\u0131\u015f\u0131n azal\u0131r, yaz\u0131n \u00e7o\u011fal\u0131r. Eski ismi Kadahor olan G\u00fcrgenli K\u00f6y\u00fc 1935 y\u0131l\u0131nda yap\u0131lan k\u00f6y adlar\u0131 de\u011fi\u015fiklili\u011fi ile Kadahor ismi G\u00fcrgenli K\u00f6y\u00fcne \u00e7evrilmi\u015ftir.<\/p>\n<p class=\"stil4\" align=\"justify\">\u00a0\u00a0\u00a0\u00a0\u00a0 K\u00f6yde e\u011fitime gereken \u00f6nem verilir. K\u00f6y\u00fcn okul m\u00fcd\u00fcrleri k\u00f6y Enstit\u00fcs\u00fc mezunu Ali ULUD\u00dcZ ve onu takiben Hasan DEM\u0130RBA\u015e, Veysel \u00c7ITLAK k\u00f6y\u00fcn e\u011fitimine katk\u0131da bulunmu\u015flard\u0131r. Devletin her kademesinde e\u011fitimli ki\u015filer g\u00f6rev alm\u0131\u015ft\u0131r. \u00d6rne\u011fin Kimya Prof. Ayhan DEM\u0130RBA\u015e, Dr. Yahya DEM\u0130RBA\u015e (kad\u0131n hastal\u0131klar\u0131 uzman\u0131) ihsan ULUD\u00dcZ (iktisatc\u0131 say\u0131\u015f taydan emekli)<\/p>\n","protected":false},"excerpt":{"rendered":"<p>A\u011eA\u00c7LI MAHALLES\u0130 \u00a0 \u00a0 \u00a0 \u00a0 A\u011fa\u00e7l\u0131 K\u00f6y\u00fc il\u00e7e merkezinin g\u00fcneyinde 6-7 km uzakl\u0131kta kuzeyinde Takatli ve Bay\u0131rk\u00f6y K\u00f6yleri, g\u00fcneyinde Yumru tepesi, Bozlu ve yeni ayr\u0131lan \u00c7atlakl\u0131 K\u00f6y\u00fc, bat\u0131s\u0131nda Ye\u015filk\u00f6y Beldesi ve A\u011fasar deresi, do\u011fusunda G\u00fcrgenli K\u00f6y\u00fc ve Kurba\u011fal\u0131 Dere ile \u00e7evrilmi\u015ftir. A\u011fa\u00e7l\u0131 K\u00f6y\u00fc tarih\u00e7esine bati\u011fimiz zaman 350-400 y\u0131l \u00f6ncelere kadar g\u00fcneyden gelip yerle\u015ftikleri a\u00e7\u0131klanmaktad\u0131r. [&hellip;]<\/p>\n","protected":false},"author":1,"featured_media":0,"parent":0,"menu_order":0,"comment_status":"closed","ping_status":"closed","template":"","meta":{"om_disable_all_campaigns":false,"_monsterinsights_skip_tracking":false,"_monsterinsights_sitenote_active":false,"_monsterinsights_sitenote_note":"","_monsterinsights_sitenote_category":0,"footnotes":""},"class_list":["post-1263","page","type-page","status-publish","hentry"],"aioseo_notices":[],"_links":{"self":[{"href":"https:\/\/www.kizilagacmahalleleridernegi.com\/index.php\/wp-json\/wp\/v2\/pages\/1263","targetHints":{"allow":["GET"]}}],"collection":[{"href":"https:\/\/www.kizilagacmahalleleridernegi.com\/index.php\/wp-json\/wp\/v2\/pages"}],"about":[{"href":"https:\/\/www.kizilagacmahalleleridernegi.com\/index.php\/wp-json\/wp\/v2\/types\/page"}],"author":[{"embeddable":true,"href":"https:\/\/www.kizilagacmahalleleridernegi.com\/index.php\/wp-json\/wp\/v2\/users\/1"}],"replies":[{"embeddable":true,"href":"https:\/\/www.kizilagacmahalleleridernegi.com\/index.php\/wp-json\/wp\/v2\/comments?post=1263"}],"version-history":[{"count":9,"href":"https:\/\/www.kizilagacmahalleleridernegi.com\/index.php\/wp-json\/wp\/v2\/pages\/1263\/revisions"}],"predecessor-version":[{"id":1302,"href":"https:\/\/www.kizilagacmahalleleridernegi.com\/index.php\/wp-json\/wp\/v2\/pages\/1263\/revisions\/1302"}],"wp:attachment":[{"href":"https:\/\/www.kizilagacmahalleleridernegi.com\/index.php\/wp-json\/wp\/v2\/media?parent=1263"}],"curies":[{"name":"wp","href":"https:\/\/api.w.org\/{rel}","templated":true}]}}